{"id":1236,"date":"2018-01-17T11:51:21","date_gmt":"2018-01-17T10:51:21","guid":{"rendered":"https:\/\/www.nhs-luchtgordijnen.nl\/?page_id=1236"},"modified":"2024-07-10T14:33:23","modified_gmt":"2024-07-10T12:33:23","slug":"contact","status":"publish","type":"page","link":"https:\/\/www.nhs-luchtgordijnen.nl\/de\/kontakt\/","title":{"rendered":"Kontakt"},"content":{"rendered":"<section class=\"wpb-content-wrapper\"><p>[vc_row full_width=&#8220;stretch_row&#8220; gap=&#8220;25&#8243; bg_type=&#8220;bg_color&#8220; el_class=&#8220;text-diap&#8220; bg_color_value=&#8220;#00395d&#8220; css=&#8220;.vc_custom_1719330168472{padding-top: 30px !important;padding-bottom: 20px !important;}&#8220;][vc_column][\/vc_column][\/vc_row][vc_row full_width=&#8220;stretch_row_content_no_spaces&#8220; el_class=&#8220;gulf&#8220; css=&#8220;.vc_custom_1516182281097{padding-top: 0px !important;padding-right: 0px !important;padding-bottom: 0px !important;padding-left: 0px !important;}&#8220;][vc_column][vc_single_image image=&#8220;1042&#8243; img_size=&#8220;&#8220; alignment=&#8220;center&#8220;][\/vc_column][\/vc_row][vc_row full_width=&#8220;stretch_row&#8220; content_placement=&#8220;top&#8220; css=&#8220;.vc_custom_1516186892150{margin-bottom: 0px !important;border-bottom-width: 0px !important;padding-bottom: 0px !important;}&#8220;][vc_column width=&#8220;1\/2&#8243;][vc_column_text]<\/p>\n<h2>Senden Sie uns eine Nachricht<\/h2>\n<p>F\u00fcr weitere Informationen \u00fcber unsere Produkte oder f\u00fcr eine Offerte k\u00f6nnen Sie mithilfe des nachstehenden Formulars Kontakt zu uns aufnehmen. Wir werden uns dann so schnell wie m\u00f6glich mit Ihnen in Verbindung setzen.[\/vc_column_text]<div class=\"wpcf7 no-js\" id=\"wpcf7-f1010-o2\" lang=\"en\" dir=\"ltr\">\n<div class=\"screen-reader-response\"><p role=\"status\" aria-live=\"polite\" aria-atomic=\"true\"><\/p> <ul><\/ul><\/div>\n<form action=\"\/de\/wp-json\/wp\/v2\/pages\/1236#wpcf7-f1010-o2\" method=\"post\" class=\"wpcf7-form init\" aria-label=\"Kontaktformular\" novalidate=\"novalidate\" data-status=\"init\">\n<div style=\"display: none;\">\n<input type=\"hidden\" name=\"_wpcf7\" value=\"1010\" \/>\n<input type=\"hidden\" name=\"_wpcf7_version\" value=\"5.7.2\" \/>\n<input type=\"hidden\" name=\"_wpcf7_locale\" value=\"en\" \/>\n<input type=\"hidden\" name=\"_wpcf7_unit_tag\" value=\"wpcf7-f1010-o2\" \/>\n<input type=\"hidden\" name=\"_wpcf7_container_post\" value=\"0\" \/>\n<input type=\"hidden\" name=\"_wpcf7_posted_data_hash\" value=\"\" \/>\n<input type=\"hidden\" name=\"_wpcf7_recaptcha_response\" value=\"\" \/>\n<\/div>\n<p><label> Name*<br \/>\n<span class=\"wpcf7-form-control-wrap\" data-name=\"Naam\"><input size=\"40\" class=\"wpcf7-form-control wpcf7-text wpcf7-validates-as-required\" aria-required=\"true\" aria-invalid=\"false\" value=\"\" type=\"text\" name=\"Naam\" \/><\/span> <\/label>\n<\/p>\n<p><label> E-Mail-Adresse*<br \/>\n<span class=\"wpcf7-form-control-wrap\" data-name=\"E-mailadres\"><input size=\"40\" class=\"wpcf7-form-control wpcf7-text wpcf7-email wpcf7-validates-as-required wpcf7-validates-as-email\" aria-required=\"true\" aria-invalid=\"false\" value=\"\" type=\"email\" name=\"E-mailadres\" \/><\/span> <\/label>\n<\/p>\n<p><label> Telefonnummer<br \/>\n<span class=\"wpcf7-form-control-wrap\" data-name=\"Telefoonnummer\"><input size=\"40\" class=\"wpcf7-form-control wpcf7-text\" aria-invalid=\"false\" value=\"\" type=\"text\" name=\"Telefoonnummer\" \/><\/span> <\/label>\n<\/p>\n<p><label> Firma<br \/>\n<span class=\"wpcf7-form-control-wrap\" data-name=\"Bedrijfsnaam\"><input size=\"40\" class=\"wpcf7-form-control wpcf7-text\" aria-invalid=\"false\" value=\"\" type=\"text\" name=\"Bedrijfsnaam\" \/><\/span> <\/label>\n<\/p>\n<p><label> Frage\/Anmerkung<br \/>\n<span class=\"wpcf7-form-control-wrap\" data-name=\"Opmerking\"><textarea cols=\"40\" rows=\"10\" class=\"wpcf7-form-control wpcf7-textarea\" aria-invalid=\"false\" name=\"Opmerking\"><\/textarea><\/span> <\/label>\n<\/p>\n<p><input class=\"wpcf7-form-control has-spinner wpcf7-submit\" type=\"submit\" value=\"Formular versenden\" \/>\n<\/p><div class=\"wpcf7-response-output\" aria-hidden=\"true\"><\/div><\/form><\/div>[\/vc_column][vc_column width=&#8220;1\/2&#8243;][vc_column_text]<\/p>\n<h2>Kontaktinformation<\/h2>\n<p>[\/vc_column_text][vc_gmaps link=&#8220;#E-8_JTNDaWZyYW1lJTIwc3JjJTNEJTIyaHR0cHMlM0ElMkYlMkZ3d3cuZ29vZ2xlLmNvbSUyRm1hcHMlMkZlbWJlZCUzRnBiJTNEJTIxMW0xOCUyMTFtMTIlMjExbTMlMjExZDI0ODMuNTY3OTIzNTQ3NjE3JTIxMmQ1LjQwNjQwNzQxNjIyODQ5JTIxM2Q1MS41MDI3OTYwMTg4NjAxOTUlMjEybTMlMjExZjAlMjEyZjAlMjEzZjAlMjEzbTIlMjExaTEwMjQlMjEyaTc2OCUyMTRmMTMuMSUyMTNtMyUyMTFtMiUyMTFzMHg0N2M2ZGM0NDU5MDFjMGRmJTI1M0EweDVkN2JiYTc1YWI5OTRiNDElMjEyc0Jpbm5lbndlZyUyNTJDJTI1MjA1NjgzJTI1MjBQUiUyNTIwQmVzdCUyMTVlMCUyMTNtMiUyMTFzbmwlMjEyc25sJTIxNHYxNjQwMTYxOTU3NjgwJTIxNW0yJTIxMXNubCUyMTJzbmwlMjIlMjB3aWR0aCUzRCUyMjYwMCUyMiUyMGhlaWdodCUzRCUyMjQ1MCUyMiUyMHN0eWxlJTNEJTIyYm9yZGVyJTNBMCUzQiUyMiUyMGFsbG93ZnVsbHNjcmVlbiUzRCUyMiUyMiUyMGxvYWRpbmclM0QlMjJsYXp5JTIyJTNFJTNDJTJGaWZyYW1lJTNF&#8220; size=&#8220;450&#8243;][vc_column_text]<strong>New Heating Solutions BV<\/strong><br \/>\nBinnenweg 6<br \/>\n5683 PR Best[\/vc_column_text][vc_row_inner][vc_column_inner width=&#8220;1\/2&#8243;][vc_column_text]<strong>T<\/strong> +31 499 870 027<br \/>\n<strong>F<\/strong> +31 499 870 028<br \/>\n<strong>E<\/strong> info@nhs-luftschleier.de[\/vc_column_text][\/vc_column_inner][vc_column_inner width=&#8220;1\/2&#8243;][vc_column_text]<strong>Handelskammer-Nr.<\/strong> 51277697<br \/>\n<strong>Ust-Ident-Nr.<\/strong> NL82.31.90.560B01[\/vc_column_text][\/vc_column_inner][\/vc_row_inner][vc_column_text]Gesch\u00e4ftsf\u00fchrer: Nico Hoogerboord und Sander Hoogerboord[\/vc_column_text][vc_single_image image=&#8220;1483&#8243; img_size=&#8220;450&#215;329&#8243; alignment=&#8220;right&#8220; css=&#8220;.vc_custom_1538660853794{margin-top: 0px !important;margin-right: 0px !important;margin-bottom: 0px !important;margin-left: 0px !important;border-top-width: 0px !important;border-right-width: 0px !important;border-bottom-width: 0px !important;border-left-width: 0px !important;padding-top: 0px !important;padding-right: 0px !important;padding-bottom: 0px !important;padding-left: 0px !important;}&#8220;][\/vc_column][\/vc_row][vc_row full_width=&#8220;stretch_row&#8220; css=&#8220;.vc_custom_1539593869223{padding-top: 40px !important;padding-bottom: 40px !important;background-color: #efefef !important;}&#8220;][vc_column width=&#8220;1\/2&#8243;][vc_column_text]<\/p>\n<h2>Vertretung \u00d6sterreich<\/h2>\n<p>[\/vc_column_text][vc_row_inner][vc_column_inner width=&#8220;1\/2&#8243;][vc_column_text]<strong>Ballu GmbH<br \/>\nBaldauf L\u00fcftung &amp; Klima<\/strong><br \/>\nTechnologiezentrum<br \/>\nWerner von Siemensstra\u00dfe 1<br \/>\n7343 Neutal[\/vc_column_text][\/vc_column_inner][vc_column_inner width=&#8220;1\/2&#8243;][vc_column_text]<strong>T<\/strong> +43 2618 20 722<br \/>\n<strong>F<\/strong> +43 664 942 25 40<br \/>\n<strong>E<\/strong> office@ballu.at[\/vc_column_text][\/vc_column_inner][\/vc_row_inner][\/vc_column][vc_column width=&#8220;1\/2&#8243;][\/vc_column][\/vc_row][vc_row full_width=&#8220;stretch_row&#8220; gap=&#8220;25&#8243; bg_type=&#8220;bg_color&#8220; el_class=&#8220;text-diap&#8220; bg_color_value=&#8220;#00395d&#8220; css=&#8220;.vc_custom_1516178033580{padding-top: 30px !important;padding-bottom: 20px !important;}&#8220;][vc_column][\/vc_column][\/vc_row]<\/p>\n<\/section>","protected":false},"excerpt":{"rendered":"<p>[vc_row full_width=&#8220;stretch_row&#8220; gap=&#8220;25&#8243; bg_type=&#8220;bg_color&#8220; el_class=&#8220;text-diap&#8220; bg_color_value=&#8220;#00395d&#8220; css=&#8220;.vc_custom_1719330168472{padding-top: 30px !important;padding-bottom: 20px !important;}&#8220;][vc_column][\/vc_column][\/vc_row][vc_row full_width=&#8220;stretch_row_content_no_spaces&#8220; el_class=&#8220;gulf&#8220; css=&#8220;.vc_custom_1516182281097{padding-top: 0px !important;padding-right: 0px !important;padding-bottom: 0px !important;padding-left: 0px !important;}&#8220;][vc_column][vc_single_image image=&#8220;1042&#8243; img_size=&#8220;&#8220; alignment=&#8220;center&#8220;][\/vc_column][\/vc_row][vc_row full_width=&#8220;stretch_row&#8220; content_placement=&#8220;top&#8220; css=&#8220;.vc_custom_1516186892150{margin-bottom: 0px !important;border-bottom-width: 0px !important;padding-bottom: 0px !important;}&#8220;][vc_column width=&#8220;1\/2&#8243;][vc_column_text] Senden Sie uns eine Nachricht F\u00fcr weitere Informationen \u00fcber unsere Produkte oder f\u00fcr eine Offerte k\u00f6nnen Sie mithilfe des nachstehenden&hellip;<\/p>\n","protected":false},"author":4,"featured_media":0,"parent":0,"menu_order":5,"comment_status":"closed","ping_status":"closed","template":"","meta":{"footnotes":""},"class_list":["post-1236","page","type-page","status-publish","hentry","description-off"],"yoast_head":"<!-- This site is optimized with the Yoast SEO plugin v21.3 - https:\/\/yoast.com\/wordpress\/plugins\/seo\/ -->\n<title>Kontakt - NHS Luftschleieranlagen<\/title>\n<meta name=\"robots\" content=\"index, follow, max-snippet:-1, max-image-preview:large, max-video-preview:-1\" \/>\n<link rel=\"canonical\" href=\"https:\/\/www.nhs-luchtgordijnen.nl\/nl\/contact\/\" \/>\n<meta property=\"og:locale\" content=\"de_DE\" \/>\n<meta property=\"og:type\" content=\"article\" \/>\n<meta property=\"og:title\" content=\"Kontakt - NHS Luftschleieranlagen\" \/>\n<meta property=\"og:description\" content=\"[vc_row full_width=&#8220;stretch_row&#8220; gap=&#8220;25&#8243; bg_type=&#8220;bg_color&#8220; el_class=&#8220;text-diap&#8220; bg_color_value=&#8220;#00395d&#8220; css=&#8220;.vc_custom_1719330168472{padding-top: 30px !important;padding-bottom: 20px !important;}&#8220;][vc_column][\/vc_column][\/vc_row][vc_row full_width=&#8220;stretch_row_content_no_spaces&#8220; el_class=&#8220;gulf&#8220; css=&#8220;.vc_custom_1516182281097{padding-top: 0px !important;padding-right: 0px !important;padding-bottom: 0px !important;padding-left: 0px !important;}&#8220;][vc_column][vc_single_image image=&#8220;1042&#8243; img_size=&#8220;&#8220; alignment=&#8220;center&#8220;][\/vc_column][\/vc_row][vc_row full_width=&#8220;stretch_row&#8220; content_placement=&#8220;top&#8220; css=&#8220;.vc_custom_1516186892150{margin-bottom: 0px !important;border-bottom-width: 0px !important;padding-bottom: 0px !important;}&#8220;][vc_column width=&#8220;1\/2&#8243;][vc_column_text] Senden Sie uns eine Nachricht F\u00fcr weitere Informationen \u00fcber unsere Produkte oder f\u00fcr eine Offerte k\u00f6nnen Sie mithilfe des nachstehenden&hellip;\" \/>\n<meta property=\"og:url\" content=\"https:\/\/www.nhs-luchtgordijnen.nl\/nl\/contact\/\" \/>\n<meta property=\"og:site_name\" content=\"NHS Luftschleieranlagen\" \/>\n<meta property=\"article:modified_time\" content=\"2024-07-10T12:33:23+00:00\" \/>\n<meta name=\"twitter:label1\" content=\"Gesch\u00e4tzte Lesezeit\" \/>\n\t<meta name=\"twitter:data1\" content=\"1\u00a0Minute\" \/>\n<script type=\"application\/ld+json\" class=\"yoast-schema-graph\">{\"@context\":\"https:\/\/schema.org\",\"@graph\":[{\"@type\":\"WebPage\",\"@id\":\"https:\/\/www.nhs-luchtgordijnen.nl\/nl\/contact\/\",\"url\":\"https:\/\/www.nhs-luchtgordijnen.nl\/nl\/contact\/\",\"name\":\"Kontakt - NHS Luftschleieranlagen\",\"isPartOf\":{\"@id\":\"https:\/\/www.nhs-luchtgordijnen.nl\/nl\/#website\"},\"datePublished\":\"2018-01-17T10:51:21+00:00\",\"dateModified\":\"2024-07-10T12:33:23+00:00\",\"breadcrumb\":{\"@id\":\"https:\/\/www.nhs-luchtgordijnen.nl\/nl\/contact\/#breadcrumb\"},\"inLanguage\":\"de\",\"potentialAction\":[{\"@type\":\"ReadAction\",\"target\":[\"https:\/\/www.nhs-luchtgordijnen.nl\/nl\/contact\/\"]}]},{\"@type\":\"BreadcrumbList\",\"@id\":\"https:\/\/www.nhs-luchtgordijnen.nl\/nl\/contact\/#breadcrumb\",\"itemListElement\":[{\"@type\":\"ListItem\",\"position\":1,\"name\":\"Home\",\"item\":\"https:\/\/www.nhs-luchtgordijnen.nl\/nl\/\"},{\"@type\":\"ListItem\",\"position\":2,\"name\":\"Contact\"}]},{\"@type\":\"WebSite\",\"@id\":\"https:\/\/www.nhs-luchtgordijnen.nl\/nl\/#website\",\"url\":\"https:\/\/www.nhs-luchtgordijnen.nl\/nl\/\",\"name\":\"NHS Luftschleieranlagen\",\"description\":\"\",\"publisher\":{\"@id\":\"https:\/\/www.nhs-luchtgordijnen.nl\/nl\/#organization\"},\"potentialAction\":[{\"@type\":\"SearchAction\",\"target\":{\"@type\":\"EntryPoint\",\"urlTemplate\":\"https:\/\/www.nhs-luchtgordijnen.nl\/nl\/?s={search_term_string}\"},\"query-input\":\"required name=search_term_string\"}],\"inLanguage\":\"de\"},{\"@type\":\"Organization\",\"@id\":\"https:\/\/www.nhs-luchtgordijnen.nl\/nl\/#organization\",\"name\":\"NHS Luchtgordijnen\",\"url\":\"https:\/\/www.nhs-luchtgordijnen.nl\/nl\/\",\"logo\":{\"@type\":\"ImageObject\",\"inLanguage\":\"de\",\"@id\":\"https:\/\/www.nhs-luchtgordijnen.nl\/nl\/#\/schema\/logo\/image\/\",\"url\":\"https:\/\/www.nhs-luchtgordijnen.nl\/media\/nhs-mobile-retina.png\",\"contentUrl\":\"https:\/\/www.nhs-luchtgordijnen.nl\/media\/nhs-mobile-retina.png\",\"width\":172,\"height\":88,\"caption\":\"NHS Luchtgordijnen\"},\"image\":{\"@id\":\"https:\/\/www.nhs-luchtgordijnen.nl\/nl\/#\/schema\/logo\/image\/\"},\"sameAs\":[\"https:\/\/nl.linkedin.com\/company\/nhs-luchtgordijnen\"]}]}<\/script>\n<!-- \/ Yoast SEO plugin. -->","yoast_head_json":{"title":"Kontakt - NHS Luftschleieranlagen","robots":{"index":"index","follow":"follow","max-snippet":"max-snippet:-1","max-image-preview":"max-image-preview:large","max-video-preview":"max-video-preview:-1"},"canonical":"https:\/\/www.nhs-luchtgordijnen.nl\/nl\/contact\/","og_locale":"de_DE","og_type":"article","og_title":"Kontakt - NHS Luftschleieranlagen","og_description":"[vc_row full_width=&#8220;stretch_row&#8220; gap=&#8220;25&#8243; bg_type=&#8220;bg_color&#8220; el_class=&#8220;text-diap&#8220; bg_color_value=&#8220;#00395d&#8220; css=&#8220;.vc_custom_1719330168472{padding-top: 30px !important;padding-bottom: 20px !important;}&#8220;][vc_column][\/vc_column][\/vc_row][vc_row full_width=&#8220;stretch_row_content_no_spaces&#8220; el_class=&#8220;gulf&#8220; css=&#8220;.vc_custom_1516182281097{padding-top: 0px !important;padding-right: 0px !important;padding-bottom: 0px !important;padding-left: 0px !important;}&#8220;][vc_column][vc_single_image image=&#8220;1042&#8243; img_size=&#8220;&#8220; alignment=&#8220;center&#8220;][\/vc_column][\/vc_row][vc_row full_width=&#8220;stretch_row&#8220; content_placement=&#8220;top&#8220; css=&#8220;.vc_custom_1516186892150{margin-bottom: 0px !important;border-bottom-width: 0px !important;padding-bottom: 0px !important;}&#8220;][vc_column width=&#8220;1\/2&#8243;][vc_column_text] Senden Sie uns eine Nachricht F\u00fcr weitere Informationen \u00fcber unsere Produkte oder f\u00fcr eine Offerte k\u00f6nnen Sie mithilfe des nachstehenden&hellip;","og_url":"https:\/\/www.nhs-luchtgordijnen.nl\/nl\/contact\/","og_site_name":"NHS Luftschleieranlagen","article_modified_time":"2024-07-10T12:33:23+00:00","twitter_misc":{"Gesch\u00e4tzte Lesezeit":"1\u00a0Minute"},"schema":{"@context":"https:\/\/schema.org","@graph":[{"@type":"WebPage","@id":"https:\/\/www.nhs-luchtgordijnen.nl\/nl\/contact\/","url":"https:\/\/www.nhs-luchtgordijnen.nl\/nl\/contact\/","name":"Kontakt - NHS Luftschleieranlagen","isPartOf":{"@id":"https:\/\/www.nhs-luchtgordijnen.nl\/nl\/#website"},"datePublished":"2018-01-17T10:51:21+00:00","dateModified":"2024-07-10T12:33:23+00:00","breadcrumb":{"@id":"https:\/\/www.nhs-luchtgordijnen.nl\/nl\/contact\/#breadcrumb"},"inLanguage":"de","potentialAction":[{"@type":"ReadAction","target":["https:\/\/www.nhs-luchtgordijnen.nl\/nl\/contact\/"]}]},{"@type":"BreadcrumbList","@id":"https:\/\/www.nhs-luchtgordijnen.nl\/nl\/contact\/#breadcrumb","itemListElement":[{"@type":"ListItem","position":1,"name":"Home","item":"https:\/\/www.nhs-luchtgordijnen.nl\/nl\/"},{"@type":"ListItem","position":2,"name":"Contact"}]},{"@type":"WebSite","@id":"https:\/\/www.nhs-luchtgordijnen.nl\/nl\/#website","url":"https:\/\/www.nhs-luchtgordijnen.nl\/nl\/","name":"NHS Luftschleieranlagen","description":"","publisher":{"@id":"https:\/\/www.nhs-luchtgordijnen.nl\/nl\/#organization"},"potentialAction":[{"@type":"SearchAction","target":{"@type":"EntryPoint","urlTemplate":"https:\/\/www.nhs-luchtgordijnen.nl\/nl\/?s={search_term_string}"},"query-input":"required name=search_term_string"}],"inLanguage":"de"},{"@type":"Organization","@id":"https:\/\/www.nhs-luchtgordijnen.nl\/nl\/#organization","name":"NHS Luchtgordijnen","url":"https:\/\/www.nhs-luchtgordijnen.nl\/nl\/","logo":{"@type":"ImageObject","inLanguage":"de","@id":"https:\/\/www.nhs-luchtgordijnen.nl\/nl\/#\/schema\/logo\/image\/","url":"https:\/\/www.nhs-luchtgordijnen.nl\/media\/nhs-mobile-retina.png","contentUrl":"https:\/\/www.nhs-luchtgordijnen.nl\/media\/nhs-mobile-retina.png","width":172,"height":88,"caption":"NHS Luchtgordijnen"},"image":{"@id":"https:\/\/www.nhs-luchtgordijnen.nl\/nl\/#\/schema\/logo\/image\/"},"sameAs":["https:\/\/nl.linkedin.com\/company\/nhs-luchtgordijnen"]}]}},"_links":{"self":[{"href":"https:\/\/www.nhs-luchtgordijnen.nl\/de\/wp-json\/wp\/v2\/pages\/1236","targetHints":{"allow":["GET"]}}],"collection":[{"href":"https:\/\/www.nhs-luchtgordijnen.nl\/de\/wp-json\/wp\/v2\/pages"}],"about":[{"href":"https:\/\/www.nhs-luchtgordijnen.nl\/de\/wp-json\/wp\/v2\/types\/page"}],"author":[{"embeddable":true,"href":"https:\/\/www.nhs-luchtgordijnen.nl\/de\/wp-json\/wp\/v2\/users\/4"}],"replies":[{"embeddable":true,"href":"https:\/\/www.nhs-luchtgordijnen.nl\/de\/wp-json\/wp\/v2\/comments?post=1236"}],"version-history":[{"count":57,"href":"https:\/\/www.nhs-luchtgordijnen.nl\/de\/wp-json\/wp\/v2\/pages\/1236\/revisions"}],"predecessor-version":[{"id":2839,"href":"https:\/\/www.nhs-luchtgordijnen.nl\/de\/wp-json\/wp\/v2\/pages\/1236\/revisions\/2839"}],"wp:attachment":[{"href":"https:\/\/www.nhs-luchtgordijnen.nl\/de\/wp-json\/wp\/v2\/media?parent=1236"}],"curies":[{"name":"wp","href":"https:\/\/api.w.org\/{rel}","templated":true}]}}