{"id":1403,"date":"2018-08-16T15:32:54","date_gmt":"2018-08-16T13:32:54","guid":{"rendered":"https:\/\/www.nhs-luchtgordijnen.nl\/?page_id=1403"},"modified":"2023-03-21T16:50:17","modified_gmt":"2023-03-21T15:50:17","slug":"superior-dx-luchtgordijnen","status":"publish","type":"page","link":"https:\/\/www.nhs-luchtgordijnen.nl\/de\/luftschleieranlagen\/superior-dx-luftschleieranlage\/","title":{"rendered":"Superior DX Luftschleieranlage"},"content":{"rendered":"<section class=\"wpb-content-wrapper\"><p>[vc_row full_width=&#8220;stretch_row&#8220; gap=&#8220;25&#8243; bg_type=&#8220;bg_color&#8220; el_class=&#8220;text-diap&#8220; bg_color_value=&#8220;#00395d&#8220; css=&#8220;.vc_custom_1516178033580{padding-top: 30px !important;padding-bottom: 20px !important;}&#8220;][vc_column][vc_column_text]<\/p>\n<h1>Superior DX Luftschleieranlage<\/h1>\n<p>[\/vc_column_text][vc_column_text el_class=&#8220;column-2-text&#8220;]Die mit den Superior DX Luftschleieranlagen verbundene, nachhaltige Wa\u0308rmepumpe nutzt die Umgebungswa\u0308rme, wodurch\u00a0weniger CO2-Emissionen entstehen als bei anderen Anlagen. Zudem werden bei diesem System Gasanschluss und Boiler u\u0308berflu\u0308ssig. Dank der Wa\u0308rmepumpe mit Invertertechnologie haben Sie stets die Gewa\u0308hr einer konstanten Ausblastemperatur. Die Ausblaso\u0308ffnung ist mit einem speziellen Druckkammer- Du\u0308sensystem ausgeru\u0308stet. Damit sparen Sie im Vergleich zu einer herko\u0308mmlichen Luftschleieranlage nach dem Lamellenprinzip bis zu 30 % Energie. Au\u00dferdem sorgt dieses moderne System fu\u0308r einen gleichma\u0308\u00dfigen, stabilen Luftstrom. Die Ausblaso\u0308ffnung ko\u0308nnen Sie stufenlos zwischen 30 Grad nach innen gerichtet und 30 Grad nach au\u00dfen gerichtet einstellen.[\/vc_column_text][\/vc_column][\/vc_row][vc_row full_width=&#8220;stretch_row_content_no_spaces&#8220; el_class=&#8220;gulf&#8220; css=&#8220;.vc_custom_1516182281097{padding-top: 0px !important;padding-right: 0px !important;padding-bottom: 0px !important;padding-left: 0px !important;}&#8220;][vc_column][vc_single_image image=&#8220;1042&#8243; img_size=&#8220;&#8220; alignment=&#8220;center&#8220;][\/vc_column][\/vc_row][vc_row gap=&#8220;25&#8243; css=&#8220;.vc_custom_1516280501388{padding-bottom: 40px !important;}&#8220;][vc_column width=&#8220;1\/2&#8243; offset=&#8220;vc_col-md-4&#8243;][vc_single_image image=&#8220;1564&#8243; img_size=&#8220;&#8220;][vc_column_text]<\/p>\n<h3>Superior DX<\/h3>\n<p>Sichtmontage an der Wand oder unter der Decke, mit Luftansaugung von oben und unten.[\/vc_column_text][\/vc_column][vc_column width=&#8220;1\/2&#8243; offset=&#8220;vc_col-md-4&#8243;][vc_single_image image=&#8220;1569&#8243; img_size=&#8220;&#8220;][vc_column_text]<\/p>\n<h3>Superior DX GVP<\/h3>\n<p>Zur Sichtmontage oder zum Einbau in Zwischendecken, deckenbu\u0308ndig, mit sichtbarer Unterseite und Luftansaugung von unten.[\/vc_column_text][\/vc_column][vc_column width=&#8220;1\/2&#8243; offset=&#8220;vc_col-md-4&#8243;][vc_single_image image=&#8220;1568&#8243; img_size=&#8220;&#8220;][vc_column_text]<\/p>\n<h3>Superior DX BVP<\/h3>\n<p>Einbaumontage mit Stutzen u\u0308ber der Zwischendecke. Sichtbar sind nur die notwendigen Luftein- und Austrittso\u0308ffnungen und Luftansaugung erfolgt von unten.[\/vc_column_text][\/vc_column][vc_column][vc_btn title=&#8220;Dokumentation herunterladen&#8220; style=&#8220;custom&#8220; custom_background=&#8220;#00395d&#8220; custom_text=&#8220;#ffffff&#8220; align=&#8220;left&#8220; link=&#8220;url:https%3A%2F%2Fwww.nhs-luchtgordijnen.nl%2Fmedia%2FBrochure-Superior-DX-2023-DE.pdf|target:_blank&#8220;][\/vc_column][\/vc_row][vc_row full_width=&#8220;stretch_row&#8220; content_placement=&#8220;top&#8220; parallax=&#8220;content-moving&#8220; parallax_image=&#8220;1110&#8243; css=&#8220;.vc_custom_1516282883102{padding-top: 40px !important;padding-bottom: 40px !important;}&#8220;][vc_column width=&#8220;1\/3&#8243;][vc_single_image image=&#8220;1284&#8243; alignment=&#8220;center&#8220;][vc_column_text]<\/p>\n<h3 style=\"text-align: center;\">Ho\u0308chste Zuverla\u0308ssigkeit, geringer Wartungsbedarf<\/h3>\n<p style=\"text-align: center;\">Aus unserer Sicht ist es wichtig, dass Sie sich zu 100 % auf unsere Luftschleieranlagen verlassen ko\u0308nnen. Deswegen verwenden wir bei der Herstellung der Superior DX Luftschleieranlagen ausschlie\u00dflich Bauteile ho\u0308chster Qualita\u0308t. Zudem erhalten Sie stets fu\u0308nf Jahre Garantie auf ihre Luftschleieranlage.<\/p>\n<p>[\/vc_column_text][\/vc_column][vc_column width=&#8220;1\/3&#8243;][vc_single_image image=&#8220;1283&#8243; alignment=&#8220;center&#8220;][vc_column_text]<\/p>\n<h3 style=\"text-align: center;\">Fu\u0308r Tu\u0308rho\u0308hen bis 3,20 m und alle Tu\u0308rbreiten<\/h3>\n<p style=\"text-align: center;\">Fu\u0308r jede Tu\u0308rbreite ko\u0308nnen Sie eine effektive Luftschleieranlage kreieren. Denn die vier La\u0308ngenma\u00dfe lassen sich mu\u0308helos kombinieren. Fu\u0308r Tu\u0308rho\u0308hen bis 3,20 m sind die Luftschleieranlagen in zwei verschiedenen Kapazita\u0308tsgro\u0308\u00dfen lieferbar.<\/p>\n<p>[\/vc_column_text][\/vc_column][vc_column width=&#8220;1\/3&#8243;][vc_single_image image=&#8220;1282&#8243; alignment=&#8220;center&#8220;][vc_column_text]<\/p>\n<h3 style=\"text-align: center;\">Einfach anzuschlie\u00dfen und zu montieren<\/h3>\n<p style=\"text-align: center;\">Horizontale Luftschleieranlagen ko\u0308nnen mit M8-Gewindestangen oder mit separat erha\u0308ltlichen Befestigungsbu\u0308geln mu\u0308helos an der Wand montiert werden. Dank des eingebauten Moduls fu\u0308r die Datenu\u0308bertagung zwischen der Luftschleieranlage und der Wa\u0308rmepumpe sowie der eingebauten Kondensatpumpe (Optionen) la\u0308sst sich die Superior DX Luftschleieranlage besonders einfach anschlie\u00dfen. Aber selbstversta\u0308ndlich ko\u0308nnen Sie auch dabei stets auf unsere umfangreiche Unterstu\u0308tzung setzen.<\/p>\n<p>[\/vc_column_text][\/vc_column][\/vc_row][vc_row equal_height=&#8220;yes&#8220; content_placement=&#8220;middle&#8220; css=&#8220;.vc_custom_1538557886181{padding-top: 40px !important;padding-bottom: 40px !important;}&#8220;][vc_column width=&#8220;1\/3&#8243;][vc_column_text]<\/p>\n<h2>Bypasssystem<\/h2>\n<p>Daru\u0308ber hinaus kann Ihre Superior DX Luftschleieranlage mit einem hochmodernen Bypasssystem ausgeru\u0308stet werden. Dadurch entsteht im Winter auch wa\u0308hrend des unvermeidlichen Abtauzyklus der Wa\u0308rmepumpe ganz ohne zusa\u0308tzliche Energiezufuhr ein angenehmer Luftstrahl. [\/vc_column_text][\/vc_column][vc_column width=&#8220;1\/3&#8243;][vc_single_image image=&#8220;1456&#8243; img_size=&#8220;&#8220; add_caption=&#8220;yes&#8220;][\/vc_column][vc_column width=&#8220;1\/3&#8243;][vc_single_image image=&#8220;1455&#8243; img_size=&#8220;&#8220; add_caption=&#8220;yes&#8220;][\/vc_column][\/vc_row][vc_row full_width=&#8220;stretch_row&#8220; equal_height=&#8220;yes&#8220; content_placement=&#8220;top&#8220; css=&#8220;.vc_custom_1516282272310{padding-top: 40px !important;padding-bottom: 40px !important;background-color: #efefef !important;background-position: 0 0 !important;background-repeat: repeat !important;}&#8220;][vc_column width=&#8220;1\/2&#8243;][vc_single_image image=&#8220;1262&#8243; img_size=&#8220;&#8220; alignment=&#8220;center&#8220;][\/vc_column][vc_column width=&#8220;1\/2&#8243;][vc_column_text]<\/p>\n<h2>Gut zu wissen!<\/h2>\n<p>Eine Luftschleieranlage mit Wa\u0308rmetauscherpumpe ist die energieeffizienteste Art des Heizens. Dies ist etwa 73% sparsamer als eine Luftschleieranlage mit elektrischer Heizung.<\/p>\n<p>Die Energiekosten fu\u0308r eine elektrische Luftschleieranlage sind circa 53% ho\u0308her als die einer Luftschleieranlage, die mit warmem Wasser aus einem Heizkessel funktioniert.<br \/>\n[\/vc_column_text][\/vc_column][\/vc_row][vc_section full_width=&#8220;stretch_row&#8220; content_placement=&#8220;middle&#8220; css=&#8220;.vc_custom_1672147238711{background: rgba(0,0,0,0.01) url(https:\/\/www.nhs-luchtgordijnen.nl\/media\/shutterstock_1710292918-scaled.jpg?id=2602) !important;*background-color: rgb(0,0,0) !important;}&#8220;][vc_row][vc_column width=&#8220;1\/2&#8243;][vc_single_image image=&#8220;2679&#8243; img_size=&#8220;&#8220;][\/vc_column][vc_column width=&#8220;1\/2&#8243;][vc_empty_space height=&#8220;50&#8243;][vc_column_text el_class=&#8220;hgos&#8220;]<\/p>\n<h3><span style=\"color: #ffffff;\">Erneuerte Schnittstelle mit Touchscreen<\/span><\/h3>\n<p>[\/vc_column_text][vc_column_text]<span style=\"color: #ffffff;\">Ein modernes Aussehen und eine verbesserte Benutzerfreundlichkeit: das sind die gro\u00dfen Vorteile des Bedienfelds unserer Luftschleier. Sie erm\u00f6glicht Ihnen einen noch einfacheren Zugang zu vertrauten Funktionen. Auch die Installation ist einfacher denn je, ebenso wie die Anpassung der Einstellungen.<br \/>\nDie neue Schnittstelle ist sehr vollst\u00e4ndig und geh\u00f6rt zu den benutzerfreundlichsten auf dem Markt.<\/span>[\/vc_column_text][\/vc_column][\/vc_row][\/vc_section][vc_section][vc_row][vc_column][vc_empty_space height=&#8220;60px&#8220;][\/vc_column][\/vc_row][vc_row][vc_column width=&#8220;1\/2&#8243;][vc_column_text]<\/p>\n<h2>Innovative Regelung<\/h2>\n<h3>Automatische und halbautomatische Steuerung<\/h3>\n<p>M\u00f6chten Sie sicher sein, dass Sie die richtigen Einstellungen haben? Und m\u00fcssen sich keine Sorgen um Ihren Luftschleier machen? Dann bietet die innovative Steuerung von NHS Air Curtains eine L\u00f6sung. Je nach gew\u00e4hlten Zusatzfunktionen haben Sie die Wahl zwischen automatischer und halbautomatischer Steuerung. Der gro\u00dfe Vorteil gegen\u00fcber der manuellen Bedienung? Die Gewissheit eines optimalen Raumklimas und minimalen Energieverbrauchs. Schlie\u00dflich l\u00e4uft man beim manuellen Betrieb Gefahr, dass die gew\u00e4hlten Einstellungen nicht zu den Gegebenheiten passen, sodass die erw\u00e4rmte oder gek\u00fchlte Luft dennoch durch T\u00fcren und Eing\u00e4nge abstr\u00f6mt.<\/p>\n<p>Unser innovatives Steuerungssystem ist f\u00fcr alle Arten von Luftschleieranlagen geeignet. Von Hei\u00dfwasser- bis zu Elektro-Luftschleier und von Hybrid- bis zu unbeheizten und Direktexpansions-Luftschleier.[\/vc_column_text][vc_row_inner][vc_column_inner width=&#8220;1\/2&#8243;][vc_single_image image=&#8220;2617&#8243; img_size=&#8220;&#8220;][\/vc_column_inner][vc_column_inner width=&#8220;1\/2&#8243;][vc_single_image image=&#8220;2618&#8243; img_size=&#8220;&#8220;][\/vc_column_inner][\/vc_row_inner][\/vc_column][vc_column width=&#8220;1\/2&#8243;][vc_empty_space height=&#8220;25px&#8220;][vc_column_text]<\/p>\n<h3><\/h3>\n<h3><\/h3>\n<h3>Standartfunktionen<\/h3>\n<p>Unsere Luftschleier sind standardm\u00e4\u00dfig mit folgenden Funktionen ausgestattet:<\/p>\n<ul>\n<li>Auswahl der Luftstromgeschwindigkeit (5 Positionen).<\/li>\n<li>Wahl der Heizleistung (mit elektrischem Luftschleier, 3 Positionen).<\/li>\n<li>Sommer-Winter-Funktion (230V) mit Magnetventil oder Pumpensteuerung.<\/li>\n<li>M\u00f6glichkeit, mehrere Luftschleier mit einer Steuerung zu steuern. N\u00fctzlich f\u00fcr gro\u00dfe und breite Eing\u00e4nge, die mehrere Luftschleier erfordern.<\/li>\n<li>Bei Luftschleierger\u00e4ten mit Filter ist ein Timer eingebaut, damit der Benutzer wei\u00df, wann der Filter gereinigt werden muss.<\/li>\n<li>Teilweise oder vollst\u00e4ndige Integration in ein Geb\u00e4udemanagementsystem oder ein Einzelhandelssystem. So k\u00f6nnen Sie beispielsweise einen Luftschleier \u00fcber die Geb\u00e4udeleittechnik ein- oder ausschalten oder mit einem 0-10V-Signal betreiben.<\/li>\n<\/ul>\n<p>[\/vc_column_text][\/vc_column][\/vc_row][\/vc_section]<\/p>\n<\/section>","protected":false},"excerpt":{"rendered":"<p>[vc_row full_width=&#8220;stretch_row&#8220; gap=&#8220;25&#8243; bg_type=&#8220;bg_color&#8220; el_class=&#8220;text-diap&#8220; bg_color_value=&#8220;#00395d&#8220; css=&#8220;.vc_custom_1516178033580{padding-top: 30px !important;padding-bottom: 20px !important;}&#8220;][vc_column][vc_column_text] Superior DX Luftschleieranlage [\/vc_column_text][vc_column_text el_class=&#8220;column-2-text&#8220;]Die mit den Superior DX Luftschleieranlagen verbundene, nachhaltige Wa\u0308rmepumpe nutzt die Umgebungswa\u0308rme, wodurch\u00a0weniger CO2-Emissionen entstehen als bei anderen Anlagen. Zudem werden bei diesem System Gasanschluss und Boiler u\u0308berflu\u0308ssig. Dank der Wa\u0308rmepumpe mit Invertertechnologie haben Sie stets die Gewa\u0308hr einer konstanten&hellip;<\/p>\n","protected":false},"author":4,"featured_media":0,"parent":1196,"menu_order":4,"comment_status":"closed","ping_status":"closed","template":"","meta":{"footnotes":""},"class_list":["post-1403","page","type-page","status-publish","hentry","description-off"],"yoast_head":"<!-- This site is optimized with the Yoast SEO plugin v21.3 - https:\/\/yoast.com\/wordpress\/plugins\/seo\/ -->\n<title>Superior DX Luftschleieranlage - NHS Luftschleieranlagen<\/title>\n<meta name=\"robots\" content=\"index, follow, max-snippet:-1, max-image-preview:large, max-video-preview:-1\" \/>\n<link rel=\"canonical\" href=\"https:\/\/www.nhs-luchtgordijnen.nl\/nl\/luchtgordijnen\/superior-dx-luchtgordijnen\/\" \/>\n<meta property=\"og:locale\" content=\"de_DE\" \/>\n<meta property=\"og:type\" content=\"article\" \/>\n<meta property=\"og:title\" content=\"Superior DX Luftschleieranlage - NHS Luftschleieranlagen\" \/>\n<meta property=\"og:description\" content=\"[vc_row full_width=&#8220;stretch_row&#8220; gap=&#8220;25&#8243; bg_type=&#8220;bg_color&#8220; el_class=&#8220;text-diap&#8220; bg_color_value=&#8220;#00395d&#8220; css=&#8220;.vc_custom_1516178033580{padding-top: 30px !important;padding-bottom: 20px !important;}&#8220;][vc_column][vc_column_text] Superior DX Luftschleieranlage [\/vc_column_text][vc_column_text el_class=&#8220;column-2-text&#8220;]Die mit den Superior DX Luftschleieranlagen verbundene, nachhaltige Wa\u0308rmepumpe nutzt die Umgebungswa\u0308rme, wodurch\u00a0weniger CO2-Emissionen entstehen als bei anderen Anlagen. Zudem werden bei diesem System Gasanschluss und Boiler u\u0308berflu\u0308ssig. Dank der Wa\u0308rmepumpe mit Invertertechnologie haben Sie stets die Gewa\u0308hr einer konstanten&hellip;\" \/>\n<meta property=\"og:url\" content=\"https:\/\/www.nhs-luchtgordijnen.nl\/nl\/luchtgordijnen\/superior-dx-luchtgordijnen\/\" \/>\n<meta property=\"og:site_name\" content=\"NHS Luftschleieranlagen\" \/>\n<meta property=\"article:modified_time\" content=\"2023-03-21T15:50:17+00:00\" \/>\n<meta name=\"twitter:label1\" content=\"Gesch\u00e4tzte Lesezeit\" \/>\n\t<meta name=\"twitter:data1\" content=\"4\u00a0Minuten\" \/>\n<script type=\"application\/ld+json\" class=\"yoast-schema-graph\">{\"@context\":\"https:\/\/schema.org\",\"@graph\":[{\"@type\":\"WebPage\",\"@id\":\"https:\/\/www.nhs-luchtgordijnen.nl\/nl\/luchtgordijnen\/superior-dx-luchtgordijnen\/\",\"url\":\"https:\/\/www.nhs-luchtgordijnen.nl\/nl\/luchtgordijnen\/superior-dx-luchtgordijnen\/\",\"name\":\"Superior DX Luftschleieranlage - NHS Luftschleieranlagen\",\"isPartOf\":{\"@id\":\"https:\/\/www.nhs-luchtgordijnen.nl\/nl\/#website\"},\"datePublished\":\"2018-08-16T13:32:54+00:00\",\"dateModified\":\"2023-03-21T15:50:17+00:00\",\"breadcrumb\":{\"@id\":\"https:\/\/www.nhs-luchtgordijnen.nl\/nl\/luchtgordijnen\/superior-dx-luchtgordijnen\/#breadcrumb\"},\"inLanguage\":\"de\",\"potentialAction\":[{\"@type\":\"ReadAction\",\"target\":[\"https:\/\/www.nhs-luchtgordijnen.nl\/nl\/luchtgordijnen\/superior-dx-luchtgordijnen\/\"]}]},{\"@type\":\"BreadcrumbList\",\"@id\":\"https:\/\/www.nhs-luchtgordijnen.nl\/nl\/luchtgordijnen\/superior-dx-luchtgordijnen\/#breadcrumb\",\"itemListElement\":[{\"@type\":\"ListItem\",\"position\":1,\"name\":\"Home\",\"item\":\"https:\/\/www.nhs-luchtgordijnen.nl\/nl\/\"},{\"@type\":\"ListItem\",\"position\":2,\"name\":\"Luchtgordijnen\",\"item\":\"https:\/\/www.nhs-luchtgordijnen.nl\/nl\/luchtgordijnen\/\"},{\"@type\":\"ListItem\",\"position\":3,\"name\":\"Superior DX luchtgordijnen\"}]},{\"@type\":\"WebSite\",\"@id\":\"https:\/\/www.nhs-luchtgordijnen.nl\/nl\/#website\",\"url\":\"https:\/\/www.nhs-luchtgordijnen.nl\/nl\/\",\"name\":\"NHS Luftschleieranlagen\",\"description\":\"\",\"publisher\":{\"@id\":\"https:\/\/www.nhs-luchtgordijnen.nl\/nl\/#organization\"},\"potentialAction\":[{\"@type\":\"SearchAction\",\"target\":{\"@type\":\"EntryPoint\",\"urlTemplate\":\"https:\/\/www.nhs-luchtgordijnen.nl\/nl\/?s={search_term_string}\"},\"query-input\":\"required name=search_term_string\"}],\"inLanguage\":\"de\"},{\"@type\":\"Organization\",\"@id\":\"https:\/\/www.nhs-luchtgordijnen.nl\/nl\/#organization\",\"name\":\"NHS Luchtgordijnen\",\"url\":\"https:\/\/www.nhs-luchtgordijnen.nl\/nl\/\",\"logo\":{\"@type\":\"ImageObject\",\"inLanguage\":\"de\",\"@id\":\"https:\/\/www.nhs-luchtgordijnen.nl\/nl\/#\/schema\/logo\/image\/\",\"url\":\"https:\/\/www.nhs-luchtgordijnen.nl\/media\/nhs-mobile-retina.png\",\"contentUrl\":\"https:\/\/www.nhs-luchtgordijnen.nl\/media\/nhs-mobile-retina.png\",\"width\":172,\"height\":88,\"caption\":\"NHS Luchtgordijnen\"},\"image\":{\"@id\":\"https:\/\/www.nhs-luchtgordijnen.nl\/nl\/#\/schema\/logo\/image\/\"},\"sameAs\":[\"https:\/\/nl.linkedin.com\/company\/nhs-luchtgordijnen\"]}]}<\/script>\n<!-- \/ Yoast SEO plugin. -->","yoast_head_json":{"title":"Superior DX Luftschleieranlage - NHS Luftschleieranlagen","robots":{"index":"index","follow":"follow","max-snippet":"max-snippet:-1","max-image-preview":"max-image-preview:large","max-video-preview":"max-video-preview:-1"},"canonical":"https:\/\/www.nhs-luchtgordijnen.nl\/nl\/luchtgordijnen\/superior-dx-luchtgordijnen\/","og_locale":"de_DE","og_type":"article","og_title":"Superior DX Luftschleieranlage - NHS Luftschleieranlagen","og_description":"[vc_row full_width=&#8220;stretch_row&#8220; gap=&#8220;25&#8243; bg_type=&#8220;bg_color&#8220; el_class=&#8220;text-diap&#8220; bg_color_value=&#8220;#00395d&#8220; css=&#8220;.vc_custom_1516178033580{padding-top: 30px !important;padding-bottom: 20px !important;}&#8220;][vc_column][vc_column_text] Superior DX Luftschleieranlage [\/vc_column_text][vc_column_text el_class=&#8220;column-2-text&#8220;]Die mit den Superior DX Luftschleieranlagen verbundene, nachhaltige Wa\u0308rmepumpe nutzt die Umgebungswa\u0308rme, wodurch\u00a0weniger CO2-Emissionen entstehen als bei anderen Anlagen. Zudem werden bei diesem System Gasanschluss und Boiler u\u0308berflu\u0308ssig. Dank der Wa\u0308rmepumpe mit Invertertechnologie haben Sie stets die Gewa\u0308hr einer konstanten&hellip;","og_url":"https:\/\/www.nhs-luchtgordijnen.nl\/nl\/luchtgordijnen\/superior-dx-luchtgordijnen\/","og_site_name":"NHS Luftschleieranlagen","article_modified_time":"2023-03-21T15:50:17+00:00","twitter_misc":{"Gesch\u00e4tzte Lesezeit":"4\u00a0Minuten"},"schema":{"@context":"https:\/\/schema.org","@graph":[{"@type":"WebPage","@id":"https:\/\/www.nhs-luchtgordijnen.nl\/nl\/luchtgordijnen\/superior-dx-luchtgordijnen\/","url":"https:\/\/www.nhs-luchtgordijnen.nl\/nl\/luchtgordijnen\/superior-dx-luchtgordijnen\/","name":"Superior DX Luftschleieranlage - NHS Luftschleieranlagen","isPartOf":{"@id":"https:\/\/www.nhs-luchtgordijnen.nl\/nl\/#website"},"datePublished":"2018-08-16T13:32:54+00:00","dateModified":"2023-03-21T15:50:17+00:00","breadcrumb":{"@id":"https:\/\/www.nhs-luchtgordijnen.nl\/nl\/luchtgordijnen\/superior-dx-luchtgordijnen\/#breadcrumb"},"inLanguage":"de","potentialAction":[{"@type":"ReadAction","target":["https:\/\/www.nhs-luchtgordijnen.nl\/nl\/luchtgordijnen\/superior-dx-luchtgordijnen\/"]}]},{"@type":"BreadcrumbList","@id":"https:\/\/www.nhs-luchtgordijnen.nl\/nl\/luchtgordijnen\/superior-dx-luchtgordijnen\/#breadcrumb","itemListElement":[{"@type":"ListItem","position":1,"name":"Home","item":"https:\/\/www.nhs-luchtgordijnen.nl\/nl\/"},{"@type":"ListItem","position":2,"name":"Luchtgordijnen","item":"https:\/\/www.nhs-luchtgordijnen.nl\/nl\/luchtgordijnen\/"},{"@type":"ListItem","position":3,"name":"Superior DX luchtgordijnen"}]},{"@type":"WebSite","@id":"https:\/\/www.nhs-luchtgordijnen.nl\/nl\/#website","url":"https:\/\/www.nhs-luchtgordijnen.nl\/nl\/","name":"NHS Luftschleieranlagen","description":"","publisher":{"@id":"https:\/\/www.nhs-luchtgordijnen.nl\/nl\/#organization"},"potentialAction":[{"@type":"SearchAction","target":{"@type":"EntryPoint","urlTemplate":"https:\/\/www.nhs-luchtgordijnen.nl\/nl\/?s={search_term_string}"},"query-input":"required name=search_term_string"}],"inLanguage":"de"},{"@type":"Organization","@id":"https:\/\/www.nhs-luchtgordijnen.nl\/nl\/#organization","name":"NHS Luchtgordijnen","url":"https:\/\/www.nhs-luchtgordijnen.nl\/nl\/","logo":{"@type":"ImageObject","inLanguage":"de","@id":"https:\/\/www.nhs-luchtgordijnen.nl\/nl\/#\/schema\/logo\/image\/","url":"https:\/\/www.nhs-luchtgordijnen.nl\/media\/nhs-mobile-retina.png","contentUrl":"https:\/\/www.nhs-luchtgordijnen.nl\/media\/nhs-mobile-retina.png","width":172,"height":88,"caption":"NHS Luchtgordijnen"},"image":{"@id":"https:\/\/www.nhs-luchtgordijnen.nl\/nl\/#\/schema\/logo\/image\/"},"sameAs":["https:\/\/nl.linkedin.com\/company\/nhs-luchtgordijnen"]}]}},"_links":{"self":[{"href":"https:\/\/www.nhs-luchtgordijnen.nl\/de\/wp-json\/wp\/v2\/pages\/1403","targetHints":{"allow":["GET"]}}],"collection":[{"href":"https:\/\/www.nhs-luchtgordijnen.nl\/de\/wp-json\/wp\/v2\/pages"}],"about":[{"href":"https:\/\/www.nhs-luchtgordijnen.nl\/de\/wp-json\/wp\/v2\/types\/page"}],"author":[{"embeddable":true,"href":"https:\/\/www.nhs-luchtgordijnen.nl\/de\/wp-json\/wp\/v2\/users\/4"}],"replies":[{"embeddable":true,"href":"https:\/\/www.nhs-luchtgordijnen.nl\/de\/wp-json\/wp\/v2\/comments?post=1403"}],"version-history":[{"count":33,"href":"https:\/\/www.nhs-luchtgordijnen.nl\/de\/wp-json\/wp\/v2\/pages\/1403\/revisions"}],"predecessor-version":[{"id":2826,"href":"https:\/\/www.nhs-luchtgordijnen.nl\/de\/wp-json\/wp\/v2\/pages\/1403\/revisions\/2826"}],"up":[{"embeddable":true,"href":"https:\/\/www.nhs-luchtgordijnen.nl\/de\/wp-json\/wp\/v2\/pages\/1196"}],"wp:attachment":[{"href":"https:\/\/www.nhs-luchtgordijnen.nl\/de\/wp-json\/wp\/v2\/media?parent=1403"}],"curies":[{"name":"wp","href":"https:\/\/api.w.org\/{rel}","templated":true}]}}