{"id":1639,"date":"2019-06-05T11:04:57","date_gmt":"2019-06-05T09:04:57","guid":{"rendered":"https:\/\/www.nhs-luchtgordijnen.nl\/nl\/?page_id=1639"},"modified":"2023-03-21T16:52:20","modified_gmt":"2023-03-21T15:52:20","slug":"superior-dx-luchtgordijnen-2","status":"publish","type":"page","link":"https:\/\/www.nhs-luchtgordijnen.nl\/de\/luftschleieranlagen\/circum-luftschleieranlage\/","title":{"rendered":"Circum luftschleieranlage"},"content":{"rendered":"<section class=\"wpb-content-wrapper\"><p>[vc_row full_width=&#8220;stretch_row&#8220; gap=&#8220;25&#8243; bg_type=&#8220;bg_color&#8220; el_class=&#8220;text-diap&#8220; bg_color_value=&#8220;#00395d&#8220; css=&#8220;.vc_custom_1516178033580{padding-top: 30px !important;padding-bottom: 20px !important;}&#8220;][vc_column][vc_column_text]<\/p>\n<h1>Circum Luftschleieranlage<\/h1>\n<p>[\/vc_column_text][vc_column_text el_class=&#8220;column-2-text&#8220;]Eine Karussell- oder Dreht\u00fcr ist energieeffizienter als beispielsweise eine Schiebet\u00fcr. Schlie\u00dflich gibt es keinen direkten Kontakt zwischen innen und au\u00dfen, sodass der Wind kaum eindringen kann. Aber dennoch str\u00f6mt jedes Mal, wenn jemand die T\u00fcr benutzt, eine gewisse Menge kalte Au\u00dfenluft in das Geb\u00e4ude. Gehen bei Ihnen t\u00e4glich Dutzende von Menschen ein und aus? Dann ist eine Circum- oder TQD-Luftschleieranlage speziell f\u00fcr Karussellt\u00fcren eine intelligente Investition. Damit reduzieren Sie den Energieverlust auf ein absolutes Minimum.[\/vc_column_text][\/vc_column][\/vc_row][vc_row full_width=&#8220;stretch_row_content_no_spaces&#8220; el_class=&#8220;gulf&#8220; css=&#8220;.vc_custom_1516182281097{padding-top: 0px !important;padding-right: 0px !important;padding-bottom: 0px !important;padding-left: 0px !important;}&#8220;][vc_column][vc_single_image image=&#8220;1042&#8243; img_size=&#8220;&#8220; alignment=&#8220;center&#8220;][\/vc_column][\/vc_row][vc_row][vc_column][vc_column_text]<\/p>\n<h3>Diese Luftschleieranlage ist in drei verschiedenen Designs erh\u00e4ltlich:<\/h3>\n<p>[\/vc_column_text][\/vc_column][\/vc_row][vc_row gap=&#8220;25&#8243; css=&#8220;.vc_custom_1516280501388{padding-bottom: 40px !important;}&#8220;][vc_column width=&#8220;1\/2&#8243; offset=&#8220;vc_col-md-4&#8243;][vc_single_image image=&#8220;1858&#8243; img_size=&#8220;&#8220;][vc_column_text]<\/p>\n<h3>Type BD<\/h3>\n<p>Oberhalb der Karussellt\u00fcr montiert.[\/vc_column_text][\/vc_column][vc_column width=&#8220;1\/2&#8243; offset=&#8220;vc_col-md-4&#8243;][vc_single_image image=&#8220;1859&#8243; img_size=&#8220;&#8220;][vc_column_text]<\/p>\n<h3>Type KD<\/h3>\n<p>Im Kranz der Karussellt\u00fcr eingebaut.[\/vc_column_text][\/vc_column][vc_column width=&#8220;1\/2&#8243; offset=&#8220;vc_col-md-4&#8243;][vc_single_image image=&#8220;1860&#8243; img_size=&#8220;&#8220;][vc_column_text]<\/p>\n<h3>Type VP<\/h3>\n<p>In die Systemdecke oder au\u00dferhalb der Dreht\u00fcr eingebaut.[\/vc_column_text][\/vc_column][vc_column][vc_column_text]Die Luftschleieranlage wird auf Basis der Karussellt\u00fcr ausgew\u00e4hlt und der Kanal wird perfekt auf den T\u00fcrradius zugeschnitten.[\/vc_column_text][vc_btn title=&#8220;Dokumentation herunterladen&#8220; style=&#8220;custom&#8220; custom_background=&#8220;#00395d&#8220; custom_text=&#8220;#ffffff&#8220; align=&#8220;left&#8220; link=&#8220;url:https%3A%2F%2Fwww.nhs-luchtgordijnen.nl%2Fmedia%2FBrochure-Circum-TQD-2023-DE.pdf|target:_blank&#8220;][\/vc_column][\/vc_row][vc_row full_width=&#8220;stretch_row&#8220; content_placement=&#8220;top&#8220; parallax=&#8220;content-moving&#8220; parallax_image=&#8220;1110&#8243; css=&#8220;.vc_custom_1516282883102{padding-top: 40px !important;padding-bottom: 40px !important;}&#8220;][vc_column width=&#8220;1\/3&#8243;][vc_single_image image=&#8220;1284&#8243; alignment=&#8220;center&#8220;][vc_column_text]<\/p>\n<h3 style=\"text-align: center;\">Hochwertige Qualit\u00e4t und f\u00fcnf Jahre Garantie<\/h3>\n<p style=\"text-align: center;\">Alle Luftschleieranlagen von NHS erf\u00fcllen die h\u00f6chsten Qualit\u00e4tsanforderungen. Bei der Anschaffung einer Luftschleieranlage erhalten Sie f\u00fcnf Jahre Garantie.<\/p>\n<p>[\/vc_column_text][\/vc_column][vc_column width=&#8220;1\/3&#8243;][vc_single_image image=&#8220;1283&#8243; alignment=&#8220;center&#8220;][vc_column_text]<\/p>\n<h3 style=\"text-align: center;\">Ein zum Look Ihrer Karussellt\u00fcr passendes Design<\/h3>\n<p style=\"text-align: center;\">Das Design der Luftschleieranlage stimmen wir auf den Entwurf, den T\u00fcrradius, die Materialien und die Farben Ihrer Karussellt\u00fcr ab. Die Anlagen sind in verschiedenen Farben und Materialien erh\u00e4ltlich, sodass sie sich optisch perfekt in alle m\u00f6glichen Karussellt\u00fcren einf\u00fcgen.<\/p>\n<p>[\/vc_column_text][\/vc_column][vc_column width=&#8220;1\/3&#8243;][vc_single_image image=&#8220;1282&#8243; alignment=&#8220;center&#8220;][vc_column_text]<\/p>\n<h3 style=\"text-align: center;\">Installation im Handumdrehen<\/h3>\n<p style=\"text-align: center;\">Die Circum-Luftschleieranlage in den Ausf\u00fchrungen KD und BD k\u00f6nnen mit verstellbaren F\u00fc\u00dfen oder Rechteckprofilen an oder in der Karussellt\u00fcr oder mit M8-Gewindestangen an der Decke montiert werden. Auch die VP-Ausf\u00fchrung wird mit M8-Gewindestangen an der Decke montiert.<\/p>\n<p>[\/vc_column_text][\/vc_column][\/vc_row][vc_row equal_height=&#8220;yes&#8220; content_placement=&#8220;middle&#8220; css=&#8220;.vc_custom_1538557886181{padding-top: 40px !important;padding-bottom: 40px !important;}&#8220;][vc_column width=&#8220;1\/3&#8243;][vc_column_text]<\/p>\n<h2>Bypasssystem<\/h2>\n<p>Daru\u0308ber hinaus kann Ihre Superior DX Luftschleieranlage mit einem hochmodernen Bypasssystem ausgeru\u0308stet werden. Dadurch entsteht im Winter auch wa\u0308hrend des unvermeidlichen Abtauzyklus der Wa\u0308rmepumpe ganz ohne zusa\u0308tzliche Energiezufuhr ein angenehmer Luftstrahl. [\/vc_column_text][\/vc_column][vc_column width=&#8220;1\/3&#8243;][vc_single_image image=&#8220;1456&#8243; img_size=&#8220;&#8220; add_caption=&#8220;yes&#8220;][\/vc_column][vc_column width=&#8220;1\/3&#8243;][vc_single_image image=&#8220;1455&#8243; img_size=&#8220;&#8220; add_caption=&#8220;yes&#8220;][\/vc_column][\/vc_row][vc_row full_width=&#8220;stretch_row&#8220; equal_height=&#8220;yes&#8220; content_placement=&#8220;top&#8220; css=&#8220;.vc_custom_1516282272310{padding-top: 40px !important;padding-bottom: 40px !important;background-color: #efefef !important;background-position: 0 0 !important;background-repeat: repeat !important;}&#8220;][vc_column width=&#8220;1\/2&#8243;][vc_single_image image=&#8220;1262&#8243; img_size=&#8220;&#8220; alignment=&#8220;center&#8220;][\/vc_column][vc_column width=&#8220;1\/2&#8243;][vc_column_text]<\/p>\n<h2>Gut zu wissen!<\/h2>\n<p>Eine Luftschleieranlage mit Wa\u0308rmetauscherpumpe ist die energieeffizienteste Art des Heizens. Dies ist etwa 73% sparsamer als eine Luftschleieranlage mit elektrischer Heizung.<\/p>\n<p>Die Energiekosten fu\u0308r eine elektrische Luftschleieranlage sind circa 53% ho\u0308her als die einer Luftschleieranlage, die mit warmem Wasser aus einem Heizkessel funktioniert.<br \/>\n[\/vc_column_text][\/vc_column][\/vc_row][vc_section full_width=&#8220;stretch_row&#8220; css=&#8220;.vc_custom_1559727550690{padding-top: 80px !important;padding-bottom: 80px !important;}&#8220; el_class=&#8220;border-bottom&#8220;][vc_row][vc_column][vc_column_text]<\/p>\n<h2>Methoden zur Heizung<\/h2>\n<p>[\/vc_column_text][\/vc_column][\/vc_row][vc_row][vc_column width=&#8220;1\/2&#8243;]<div class=\"smile_icon_list_wrap ult_info_list_container ult-adjust-bottom-margin  \"><ul class=\"smile_icon_list left square with_bg\"><li class=\"icon_list_item\" style=\" font-size:72px;\"><div class=\"icon_list_icon\" data-animation=\"\" data-animation-delay=\"03\" style=\"font-size:24px;border-width:1px;border-style:none;background:#ffffff;color:#333333;border-color:#333333;\"><img decoding=\"async\" class=\"list-img-icon\" alt=\"null\" src=\"https:\/\/www.nhs-luchtgordijnen.nl\/media\/icoon-warm-water.png\"\/><\/div><div class=\"icon_description\" id=\"Info-list-wrap-9618\" style=\"font-size:24px;\"><h3 class=\"ult-responsive info-list-heading\"  data-ultimate-target='#Info-list-wrap-9618 h3'  data-responsive-json-new='{\"font-size\":\"desktop:18px;\",\"line-height\":\"desktop:26px;\"}'  style=\"\">Warmes Wasser<\/h3><div class=\"icon_description_text ult-responsive\"  data-ultimate-target='#Info-list-wrap-9618 .icon_description_text'  data-responsive-json-new='{\"font-size\":\"desktop:16px;\",\"line-height\":\"desktop:24px;\"}'  style=\"\"><p>Luftschleieranlagen, die mit warmem Wasser erwa\u0308rmt werden, verfu\u0308gen u\u0308ber einen Wa\u0308rmetauscher, der an die Zentralheizung angeschlossen ist. Serienma\u0308\u00dfig werden unsere Luftschleieranlagen mit einer Heizbatterie fu\u0308r warmes Wasser von 80\/60 \u00baC und 60\/40 \u00baC (W) ausgestattet. Die Luftschleieranlagen sind auch mit einer Heizbatterie fu\u0308r niedrige Temperaturen von 45\/35 \u00baC (LW) erha\u0308ltlich.<\/p>\n<p>Fu\u0308r eine optimale Energieeffizienz ist es sehr wichtig, die Luftschleieranlage richtig auf Ihren Heizkessel, Zentral- oder Blockheizung, Wa\u0308rmetauscherpumpe oder andere Arten der (nachhaltigen) Energiegewinnung abzustimmen. Die Warmwasser-Luftschleieranlagen sind mithilfe von Metallpla\u0308ttchen rund um die 3\/4&#8243; Anschlu\u0308sse gegen Abdrehen gesichert.<\/p>\n<\/div><\/div><div class=\"icon_list_connector\"  style=\"border: none !important;\"><\/div><\/li><li class=\"icon_list_item\" style=\" font-size:72px;\"><div class=\"icon_list_icon\" data-animation=\"\" data-animation-delay=\"03\" style=\"font-size:24px;border-width:1px;border-style:none;background:#ffffff;color:#333333;border-color:#333333;\"><img decoding=\"async\" class=\"list-img-icon\" alt=\"null\" src=\"https:\/\/www.nhs-luchtgordijnen.nl\/media\/icoon-elektrische-verwarming.png\"\/><\/div><div class=\"icon_description\" id=\"Info-list-wrap-3586\" style=\"font-size:24px;\"><h3 class=\"ult-responsive info-list-heading\"  data-ultimate-target='#Info-list-wrap-3586 h3'  data-responsive-json-new='{\"font-size\":\"desktop:18px;\",\"line-height\":\"desktop:26px;\"}'  style=\"\">Elektrisch<\/h3><div class=\"icon_description_text ult-responsive\"  data-ultimate-target='#Info-list-wrap-3586 .icon_description_text'  data-responsive-json-new='{\"font-size\":\"desktop:16px;\",\"line-height\":\"desktop:24px;\"}'  style=\"\"><p>Es steht kein warmes Wasser zur Verfu\u0308gung? Unsere elektrischen Luftschleieranlagen (E) stimmen die Steuerung von Heizung und Belu\u0308ftung automatisch (aufeinander) ab. Selbstversta\u0308ndlich sind diese Luftschleieranlagen mit einem Sicherungsschaltkreis versehen.<\/p>\n<\/div><\/div><div class=\"icon_list_connector\"  style=\"border: none !important;\"><\/div><\/li><\/ul><\/div>[\/vc_column][vc_column width=&#8220;1\/2&#8243;]<div class=\"smile_icon_list_wrap ult_info_list_container ult-adjust-bottom-margin  \"><ul class=\"smile_icon_list left square with_bg\"><li class=\"icon_list_item\" style=\" font-size:72px;\"><div class=\"icon_list_icon\" data-animation=\"\" data-animation-delay=\"03\" style=\"font-size:24px;border-width:1px;border-style:none;background:#ffffff;color:#333333;border-color:#333333;\"><img decoding=\"async\" class=\"list-img-icon\" alt=\"null\" src=\"https:\/\/www.nhs-luchtgordijnen.nl\/media\/icoon-directe-expansie.png\"\/><\/div><div class=\"icon_description\" id=\"Info-list-wrap-9424\" style=\"font-size:24px;\"><h3 class=\"ult-responsive info-list-heading\"  data-ultimate-target='#Info-list-wrap-9424 h3'  data-responsive-json-new='{\"font-size\":\"desktop:18px;\",\"line-height\":\"desktop:26px;\"}'  style=\"\">Direktexpansion<\/h3><div class=\"icon_description_text ult-responsive\"  data-ultimate-target='#Info-list-wrap-9424 .icon_description_text'  data-responsive-json-new='{\"font-size\":\"desktop:16px;\",\"line-height\":\"desktop:24px;\"}'  style=\"\"><p>Luftschleieranlagen fu\u0308r Direktexpansion (DX) eignen sich f\u00fcr das Ka\u0308ltemittel R410A. Die Luftschleieranlage wirkt als Verdampfer mit einer separaten Wa\u0308rmepumpe oder integriert in einem VRF-Klimasystem.<\/p>\n<\/div><\/div><div class=\"icon_list_connector\"  style=\"border: none !important;\"><\/div><\/li><\/ul><\/div>[\/vc_column][\/vc_row][\/vc_section][vc_section full_width=&#8220;stretch_row&#8220; content_placement=&#8220;middle&#8220; css=&#8220;.vc_custom_1672147238711{background: rgba(0,0,0,0.01) url(https:\/\/www.nhs-luchtgordijnen.nl\/media\/shutterstock_1710292918-scaled.jpg?id=2602) !important;*background-color: rgb(0,0,0) !important;}&#8220;][vc_row][vc_column width=&#8220;1\/2&#8243;][vc_single_image image=&#8220;2679&#8243; img_size=&#8220;&#8220;][\/vc_column][vc_column width=&#8220;1\/2&#8243;][vc_empty_space height=&#8220;50&#8243;][vc_column_text el_class=&#8220;hgos&#8220;]<\/p>\n<h3><span style=\"color: #ffffff;\">Erneuerte Schnittstelle mit Touchscreen<\/span><\/h3>\n<p>[\/vc_column_text][vc_column_text]<span style=\"color: #ffffff;\">Ein modernes Aussehen und eine verbesserte Benutzerfreundlichkeit: das sind die gro\u00dfen Vorteile des Bedienfelds unserer Luftschleier. Sie erm\u00f6glicht Ihnen einen noch einfacheren Zugang zu vertrauten Funktionen. Auch die Installation ist einfacher denn je, ebenso wie die Anpassung der Einstellungen.<br \/>\nDie neue Schnittstelle ist sehr vollst\u00e4ndig und geh\u00f6rt zu den benutzerfreundlichsten auf dem Markt.<\/span>[\/vc_column_text][\/vc_column][\/vc_row][\/vc_section][vc_section][vc_row][vc_column][vc_empty_space height=&#8220;60px&#8220;][\/vc_column][\/vc_row][vc_row][vc_column width=&#8220;1\/2&#8243;][vc_column_text]<\/p>\n<h2>Innovative Regelung<\/h2>\n<h3>Automatische und halbautomatische Steuerung<\/h3>\n<p>M\u00f6chten Sie sicher sein, dass Sie die richtigen Einstellungen haben? Und m\u00fcssen sich keine Sorgen um Ihren Luftschleier machen? Dann bietet die innovative Steuerung von NHS Air Curtains eine L\u00f6sung. Je nach gew\u00e4hlten Zusatzfunktionen haben Sie die Wahl zwischen automatischer und halbautomatischer Steuerung. Der gro\u00dfe Vorteil gegen\u00fcber der manuellen Bedienung? Die Gewissheit eines optimalen Raumklimas und minimalen Energieverbrauchs. Schlie\u00dflich l\u00e4uft man beim manuellen Betrieb Gefahr, dass die gew\u00e4hlten Einstellungen nicht zu den Gegebenheiten passen, sodass die erw\u00e4rmte oder gek\u00fchlte Luft dennoch durch T\u00fcren und Eing\u00e4nge abstr\u00f6mt.<\/p>\n<p>Unser innovatives Steuerungssystem ist f\u00fcr alle Arten von Luftschleieranlagen geeignet. Von Hei\u00dfwasser- bis zu Elektro-Luftschleier und von Hybrid- bis zu unbeheizten und Direktexpansions-Luftschleier.[\/vc_column_text][vc_row_inner][vc_column_inner width=&#8220;1\/2&#8243;][vc_single_image image=&#8220;2617&#8243; img_size=&#8220;&#8220;][\/vc_column_inner][vc_column_inner width=&#8220;1\/2&#8243;][vc_single_image image=&#8220;2618&#8243; img_size=&#8220;&#8220;][\/vc_column_inner][\/vc_row_inner][\/vc_column][vc_column width=&#8220;1\/2&#8243;][vc_empty_space height=&#8220;25px&#8220;][vc_column_text]<\/p>\n<h3><\/h3>\n<h3><\/h3>\n<h3>Standartfunktionen<\/h3>\n<p>Unsere Luftschleier sind standardm\u00e4\u00dfig mit folgenden Funktionen ausgestattet:<\/p>\n<ul>\n<li>Auswahl der Luftstromgeschwindigkeit (5 Positionen).<\/li>\n<li>Wahl der Heizleistung (mit elektrischem Luftschleier, 3 Positionen).<\/li>\n<li>Sommer-Winter-Funktion (230V) mit Magnetventil oder Pumpensteuerung.<\/li>\n<li>M\u00f6glichkeit, mehrere Luftschleier mit einer Steuerung zu steuern. N\u00fctzlich f\u00fcr gro\u00dfe und breite Eing\u00e4nge, die mehrere Luftschleier erfordern.<\/li>\n<li>Bei Luftschleierger\u00e4ten mit Filter ist ein Timer eingebaut, damit der Benutzer wei\u00df, wann der Filter gereinigt werden muss.<\/li>\n<li>Teilweise oder vollst\u00e4ndige Integration in ein Geb\u00e4udemanagementsystem oder ein Einzelhandelssystem. So k\u00f6nnen Sie beispielsweise einen Luftschleier \u00fcber die Geb\u00e4udeleittechnik ein- oder ausschalten oder mit einem 0-10V-Signal betreiben.<\/li>\n<\/ul>\n<p>[\/vc_column_text][\/vc_column][\/vc_row][\/vc_section]<\/p>\n<\/section>","protected":false},"excerpt":{"rendered":"<p>[vc_row full_width=&#8220;stretch_row&#8220; gap=&#8220;25&#8243; bg_type=&#8220;bg_color&#8220; el_class=&#8220;text-diap&#8220; bg_color_value=&#8220;#00395d&#8220; css=&#8220;.vc_custom_1516178033580{padding-top: 30px !important;padding-bottom: 20px !important;}&#8220;][vc_column][vc_column_text] Circum Luftschleieranlage [\/vc_column_text][vc_column_text el_class=&#8220;column-2-text&#8220;]Eine Karussell- oder Dreht\u00fcr ist energieeffizienter als beispielsweise eine Schiebet\u00fcr. Schlie\u00dflich gibt es keinen direkten Kontakt zwischen innen und au\u00dfen, sodass der Wind kaum eindringen kann. Aber dennoch str\u00f6mt jedes Mal, wenn jemand die T\u00fcr benutzt, eine gewisse Menge kalte Au\u00dfenluft&hellip;<\/p>\n","protected":false},"author":4,"featured_media":0,"parent":1196,"menu_order":7,"comment_status":"closed","ping_status":"closed","template":"","meta":{"footnotes":""},"class_list":["post-1639","page","type-page","status-publish","hentry","description-off"],"yoast_head":"<!-- This site is optimized with the Yoast SEO plugin v21.3 - https:\/\/yoast.com\/wordpress\/plugins\/seo\/ -->\n<title>Circum luftschleieranlage - NHS Luftschleieranlagen<\/title>\n<meta name=\"robots\" content=\"index, follow, max-snippet:-1, max-image-preview:large, max-video-preview:-1\" \/>\n<link rel=\"canonical\" href=\"https:\/\/www.nhs-luchtgordijnen.nl\/nl\/luchtgordijnen\/circum-luchtgordijnen\/\" \/>\n<meta property=\"og:locale\" content=\"de_DE\" \/>\n<meta property=\"og:type\" content=\"article\" \/>\n<meta property=\"og:title\" content=\"Circum luftschleieranlage - NHS Luftschleieranlagen\" \/>\n<meta property=\"og:description\" content=\"[vc_row full_width=&#8220;stretch_row&#8220; gap=&#8220;25&#8243; bg_type=&#8220;bg_color&#8220; el_class=&#8220;text-diap&#8220; bg_color_value=&#8220;#00395d&#8220; css=&#8220;.vc_custom_1516178033580{padding-top: 30px !important;padding-bottom: 20px !important;}&#8220;][vc_column][vc_column_text] Circum Luftschleieranlage [\/vc_column_text][vc_column_text el_class=&#8220;column-2-text&#8220;]Eine Karussell- oder Dreht\u00fcr ist energieeffizienter als beispielsweise eine Schiebet\u00fcr. Schlie\u00dflich gibt es keinen direkten Kontakt zwischen innen und au\u00dfen, sodass der Wind kaum eindringen kann. Aber dennoch str\u00f6mt jedes Mal, wenn jemand die T\u00fcr benutzt, eine gewisse Menge kalte Au\u00dfenluft&hellip;\" \/>\n<meta property=\"og:url\" content=\"https:\/\/www.nhs-luchtgordijnen.nl\/nl\/luchtgordijnen\/circum-luchtgordijnen\/\" \/>\n<meta property=\"og:site_name\" content=\"NHS Luftschleieranlagen\" \/>\n<meta property=\"article:modified_time\" content=\"2023-03-21T15:52:20+00:00\" \/>\n<meta name=\"twitter:label1\" content=\"Gesch\u00e4tzte Lesezeit\" \/>\n\t<meta name=\"twitter:data1\" content=\"5\u00a0Minuten\" \/>\n<script type=\"application\/ld+json\" class=\"yoast-schema-graph\">{\"@context\":\"https:\/\/schema.org\",\"@graph\":[{\"@type\":\"WebPage\",\"@id\":\"https:\/\/www.nhs-luchtgordijnen.nl\/nl\/luchtgordijnen\/circum-luchtgordijnen\/\",\"url\":\"https:\/\/www.nhs-luchtgordijnen.nl\/nl\/luchtgordijnen\/circum-luchtgordijnen\/\",\"name\":\"Circum luftschleieranlage - NHS Luftschleieranlagen\",\"isPartOf\":{\"@id\":\"https:\/\/www.nhs-luchtgordijnen.nl\/nl\/#website\"},\"datePublished\":\"2019-06-05T09:04:57+00:00\",\"dateModified\":\"2023-03-21T15:52:20+00:00\",\"breadcrumb\":{\"@id\":\"https:\/\/www.nhs-luchtgordijnen.nl\/nl\/luchtgordijnen\/circum-luchtgordijnen\/#breadcrumb\"},\"inLanguage\":\"de\",\"potentialAction\":[{\"@type\":\"ReadAction\",\"target\":[\"https:\/\/www.nhs-luchtgordijnen.nl\/nl\/luchtgordijnen\/circum-luchtgordijnen\/\"]}]},{\"@type\":\"BreadcrumbList\",\"@id\":\"https:\/\/www.nhs-luchtgordijnen.nl\/nl\/luchtgordijnen\/circum-luchtgordijnen\/#breadcrumb\",\"itemListElement\":[{\"@type\":\"ListItem\",\"position\":1,\"name\":\"Home\",\"item\":\"https:\/\/www.nhs-luchtgordijnen.nl\/nl\/\"},{\"@type\":\"ListItem\",\"position\":2,\"name\":\"Luchtgordijnen\",\"item\":\"https:\/\/www.nhs-luchtgordijnen.nl\/nl\/luchtgordijnen\/\"},{\"@type\":\"ListItem\",\"position\":3,\"name\":\"Circum luchtgordijnen\"}]},{\"@type\":\"WebSite\",\"@id\":\"https:\/\/www.nhs-luchtgordijnen.nl\/nl\/#website\",\"url\":\"https:\/\/www.nhs-luchtgordijnen.nl\/nl\/\",\"name\":\"NHS Luftschleieranlagen\",\"description\":\"\",\"publisher\":{\"@id\":\"https:\/\/www.nhs-luchtgordijnen.nl\/nl\/#organization\"},\"potentialAction\":[{\"@type\":\"SearchAction\",\"target\":{\"@type\":\"EntryPoint\",\"urlTemplate\":\"https:\/\/www.nhs-luchtgordijnen.nl\/nl\/?s={search_term_string}\"},\"query-input\":\"required name=search_term_string\"}],\"inLanguage\":\"de\"},{\"@type\":\"Organization\",\"@id\":\"https:\/\/www.nhs-luchtgordijnen.nl\/nl\/#organization\",\"name\":\"NHS Luchtgordijnen\",\"url\":\"https:\/\/www.nhs-luchtgordijnen.nl\/nl\/\",\"logo\":{\"@type\":\"ImageObject\",\"inLanguage\":\"de\",\"@id\":\"https:\/\/www.nhs-luchtgordijnen.nl\/nl\/#\/schema\/logo\/image\/\",\"url\":\"https:\/\/www.nhs-luchtgordijnen.nl\/media\/nhs-mobile-retina.png\",\"contentUrl\":\"https:\/\/www.nhs-luchtgordijnen.nl\/media\/nhs-mobile-retina.png\",\"width\":172,\"height\":88,\"caption\":\"NHS Luchtgordijnen\"},\"image\":{\"@id\":\"https:\/\/www.nhs-luchtgordijnen.nl\/nl\/#\/schema\/logo\/image\/\"},\"sameAs\":[\"https:\/\/nl.linkedin.com\/company\/nhs-luchtgordijnen\"]}]}<\/script>\n<!-- \/ Yoast SEO plugin. -->","yoast_head_json":{"title":"Circum luftschleieranlage - NHS Luftschleieranlagen","robots":{"index":"index","follow":"follow","max-snippet":"max-snippet:-1","max-image-preview":"max-image-preview:large","max-video-preview":"max-video-preview:-1"},"canonical":"https:\/\/www.nhs-luchtgordijnen.nl\/nl\/luchtgordijnen\/circum-luchtgordijnen\/","og_locale":"de_DE","og_type":"article","og_title":"Circum luftschleieranlage - NHS Luftschleieranlagen","og_description":"[vc_row full_width=&#8220;stretch_row&#8220; gap=&#8220;25&#8243; bg_type=&#8220;bg_color&#8220; el_class=&#8220;text-diap&#8220; bg_color_value=&#8220;#00395d&#8220; css=&#8220;.vc_custom_1516178033580{padding-top: 30px !important;padding-bottom: 20px !important;}&#8220;][vc_column][vc_column_text] Circum Luftschleieranlage [\/vc_column_text][vc_column_text el_class=&#8220;column-2-text&#8220;]Eine Karussell- oder Dreht\u00fcr ist energieeffizienter als beispielsweise eine Schiebet\u00fcr. Schlie\u00dflich gibt es keinen direkten Kontakt zwischen innen und au\u00dfen, sodass der Wind kaum eindringen kann. Aber dennoch str\u00f6mt jedes Mal, wenn jemand die T\u00fcr benutzt, eine gewisse Menge kalte Au\u00dfenluft&hellip;","og_url":"https:\/\/www.nhs-luchtgordijnen.nl\/nl\/luchtgordijnen\/circum-luchtgordijnen\/","og_site_name":"NHS Luftschleieranlagen","article_modified_time":"2023-03-21T15:52:20+00:00","twitter_misc":{"Gesch\u00e4tzte Lesezeit":"5\u00a0Minuten"},"schema":{"@context":"https:\/\/schema.org","@graph":[{"@type":"WebPage","@id":"https:\/\/www.nhs-luchtgordijnen.nl\/nl\/luchtgordijnen\/circum-luchtgordijnen\/","url":"https:\/\/www.nhs-luchtgordijnen.nl\/nl\/luchtgordijnen\/circum-luchtgordijnen\/","name":"Circum luftschleieranlage - NHS Luftschleieranlagen","isPartOf":{"@id":"https:\/\/www.nhs-luchtgordijnen.nl\/nl\/#website"},"datePublished":"2019-06-05T09:04:57+00:00","dateModified":"2023-03-21T15:52:20+00:00","breadcrumb":{"@id":"https:\/\/www.nhs-luchtgordijnen.nl\/nl\/luchtgordijnen\/circum-luchtgordijnen\/#breadcrumb"},"inLanguage":"de","potentialAction":[{"@type":"ReadAction","target":["https:\/\/www.nhs-luchtgordijnen.nl\/nl\/luchtgordijnen\/circum-luchtgordijnen\/"]}]},{"@type":"BreadcrumbList","@id":"https:\/\/www.nhs-luchtgordijnen.nl\/nl\/luchtgordijnen\/circum-luchtgordijnen\/#breadcrumb","itemListElement":[{"@type":"ListItem","position":1,"name":"Home","item":"https:\/\/www.nhs-luchtgordijnen.nl\/nl\/"},{"@type":"ListItem","position":2,"name":"Luchtgordijnen","item":"https:\/\/www.nhs-luchtgordijnen.nl\/nl\/luchtgordijnen\/"},{"@type":"ListItem","position":3,"name":"Circum luchtgordijnen"}]},{"@type":"WebSite","@id":"https:\/\/www.nhs-luchtgordijnen.nl\/nl\/#website","url":"https:\/\/www.nhs-luchtgordijnen.nl\/nl\/","name":"NHS Luftschleieranlagen","description":"","publisher":{"@id":"https:\/\/www.nhs-luchtgordijnen.nl\/nl\/#organization"},"potentialAction":[{"@type":"SearchAction","target":{"@type":"EntryPoint","urlTemplate":"https:\/\/www.nhs-luchtgordijnen.nl\/nl\/?s={search_term_string}"},"query-input":"required name=search_term_string"}],"inLanguage":"de"},{"@type":"Organization","@id":"https:\/\/www.nhs-luchtgordijnen.nl\/nl\/#organization","name":"NHS Luchtgordijnen","url":"https:\/\/www.nhs-luchtgordijnen.nl\/nl\/","logo":{"@type":"ImageObject","inLanguage":"de","@id":"https:\/\/www.nhs-luchtgordijnen.nl\/nl\/#\/schema\/logo\/image\/","url":"https:\/\/www.nhs-luchtgordijnen.nl\/media\/nhs-mobile-retina.png","contentUrl":"https:\/\/www.nhs-luchtgordijnen.nl\/media\/nhs-mobile-retina.png","width":172,"height":88,"caption":"NHS Luchtgordijnen"},"image":{"@id":"https:\/\/www.nhs-luchtgordijnen.nl\/nl\/#\/schema\/logo\/image\/"},"sameAs":["https:\/\/nl.linkedin.com\/company\/nhs-luchtgordijnen"]}]}},"_links":{"self":[{"href":"https:\/\/www.nhs-luchtgordijnen.nl\/de\/wp-json\/wp\/v2\/pages\/1639","targetHints":{"allow":["GET"]}}],"collection":[{"href":"https:\/\/www.nhs-luchtgordijnen.nl\/de\/wp-json\/wp\/v2\/pages"}],"about":[{"href":"https:\/\/www.nhs-luchtgordijnen.nl\/de\/wp-json\/wp\/v2\/types\/page"}],"author":[{"embeddable":true,"href":"https:\/\/www.nhs-luchtgordijnen.nl\/de\/wp-json\/wp\/v2\/users\/4"}],"replies":[{"embeddable":true,"href":"https:\/\/www.nhs-luchtgordijnen.nl\/de\/wp-json\/wp\/v2\/comments?post=1639"}],"version-history":[{"count":56,"href":"https:\/\/www.nhs-luchtgordijnen.nl\/de\/wp-json\/wp\/v2\/pages\/1639\/revisions"}],"predecessor-version":[{"id":2828,"href":"https:\/\/www.nhs-luchtgordijnen.nl\/de\/wp-json\/wp\/v2\/pages\/1639\/revisions\/2828"}],"up":[{"embeddable":true,"href":"https:\/\/www.nhs-luchtgordijnen.nl\/de\/wp-json\/wp\/v2\/pages\/1196"}],"wp:attachment":[{"href":"https:\/\/www.nhs-luchtgordijnen.nl\/de\/wp-json\/wp\/v2\/media?parent=1639"}],"curies":[{"name":"wp","href":"https:\/\/api.w.org\/{rel}","templated":true}]}}